{"id":444,"date":"2015-07-22T17:44:01","date_gmt":"2015-07-22T17:44:01","guid":{"rendered":"http:\/\/216.172.172.207\/~delta154\/?page_id=444"},"modified":"2015-07-23T20:29:45","modified_gmt":"2015-07-23T20:29:45","slug":"pork","status":"publish","type":"page","link":"https:\/\/deltafoods.com.br\/?page_id=444","title":{"rendered":"Pork"},"content":{"rendered":"<div id='layer_slider_1' class='avia-layerslider main_color avia-shadow  container_wrap sidebar_right'    style='height: 471px;' ><\/div>\n<\/div><\/div><\/div><!-- close content main div --><\/div><\/div><div id='av_section_1' class='avia-section main_color avia-section-default avia-no-shadow avia-bg-style-scroll  container_wrap sidebar_right' style = 'background-color: #e0e0e0; background-color: #e0e0e0; '  ><div class='container' ><div class='template-page content  av-content-small alpha units'><div class='post-entry post-entry-type-page post-entry-444'><div class='entry-content-wrapper clearfix'>\n<div style='padding-bottom:10px;' class='av-special-heading av-special-heading-h1  blockquote modern-quote modern-centered  '><h1 class='av-special-heading-tag'  itemprop=\"headline\"  >cuts<\/h1><div class='special-heading-border'><div class='special-heading-inner-border' ><\/div><\/div><\/div>\n<div style=' margin-top:30px; margin-bottom:30px;'  class='hr hr-custom hr-center hr-icon-yes '><span class='hr-inner   inner-border-av-border-thin' style=' width:50px; border-color:#2d5c88;' ><span class='hr-inner-style'><\/span><\/span><span class='av-seperator-icon' style='color:#2d5c88;' aria-hidden='true' data-av_icon='\ue8be' data-av_iconfont='entypo-fontello'><\/span><span class='hr-inner   inner-border-av-border-thin' style=' width:50px; border-color:#2d5c88;' ><span class='hr-inner-style'><\/span><\/span><\/div>\n<div class='avia-gallery avia-gallery-1 deactivate_avia_lazyload avia_animate_when_visible '  itemscope=\"itemscope\" itemtype=\"https:\/\/schema.org\/ImageObject\" ><div class='avia-gallery-thumb'> <a href='https:\/\/deltafoods.com.br\/wp-content\/uploads\/2015\/07\/Barriga-sem-osso-sem-pele-Belly-single-Ribbed-skinless-W.jpg' data-rel='gallery-1' data-prev-img='https:\/\/deltafoods.com.br\/wp-content\/uploads\/2015\/07\/Barriga-sem-osso-sem-pele-Belly-single-Ribbed-skinless-W-495x400.jpg' class='first_thumb lightbox ' data-onclick='1' title='Belly, single Ribbed, skinless'  itemprop=\"contentURL\" ><img data-avia-tooltip='Belly, single Ribbed, skinless' src='https:\/\/deltafoods.com.br\/wp-content\/uploads\/2015\/07\/Barriga-sem-osso-sem-pele-Belly-single-Ribbed-skinless-W-300x296.jpg' width='300' height='296'  title='Barriga,-sem-osso-,-sem-pele-=-Belly-,single-Ribbed,-skinless---W' alt='' \/><\/a> <a href='https:\/\/deltafoods.com.br\/wp-content\/uploads\/2015\/07\/Barriga-sem-osso-com-pele-Belly-single-ribbed-skin-on-W.jpg' data-rel='gallery-1' data-prev-img='https:\/\/deltafoods.com.br\/wp-content\/uploads\/2015\/07\/Barriga-sem-osso-com-pele-Belly-single-ribbed-skin-on-W-495x400.jpg' class='lightbox ' data-onclick='2' title='Belly, single ribbed, skin on'  itemprop=\"contentURL\" ><img data-avia-tooltip='Belly, single ribbed, skin on' src='https:\/\/deltafoods.com.br\/wp-content\/uploads\/2015\/07\/Barriga-sem-osso-com-pele-Belly-single-ribbed-skin-on-W-300x296.jpg' width='300' height='296'  title='Barriga-sem-osso-,-com-pele-=-Belly-,-single-ribbed-,-skin-on----W' alt='' \/><\/a> <a href='https:\/\/deltafoods.com.br\/wp-content\/uploads\/2015\/07\/Bisteca-com-osso-Chop-Bone-in-W.jpg' data-rel='gallery-1' data-prev-img='https:\/\/deltafoods.com.br\/wp-content\/uploads\/2015\/07\/Bisteca-com-osso-Chop-Bone-in-W-495x400.jpg' class='lightbox ' data-onclick='3' title='Chop Bone in'  itemprop=\"contentURL\" ><img data-avia-tooltip='Chop Bone in' src='https:\/\/deltafoods.com.br\/wp-content\/uploads\/2015\/07\/Bisteca-com-osso-Chop-Bone-in-W-300x296.jpg' width='300' height='296'  title='Bisteca-com-osso-=-Chop-Bone-in---W' alt='' \/><\/a> <a href='https:\/\/deltafoods.com.br\/wp-content\/uploads\/2015\/07\/Carr\u00e9-com-v\u00e9rtebras-Loin-Bone-in-with-vertebrae-W.jpg' data-rel='gallery-1' data-prev-img='https:\/\/deltafoods.com.br\/wp-content\/uploads\/2015\/07\/Carr\u00e9-com-v\u00e9rtebras-Loin-Bone-in-with-vertebrae-W-495x400.jpg' class='lightbox ' data-onclick='4' title='Loin Bone in , with vertebrae'  itemprop=\"contentURL\" ><img data-avia-tooltip='Loin Bone in , with vertebrae' src='https:\/\/deltafoods.com.br\/wp-content\/uploads\/2015\/07\/Carr\u00e9-com-v\u00e9rtebras-Loin-Bone-in-with-vertebrae-W-300x296.jpg' width='300' height='296'  title='Carr\u00e9-com-v\u00e9rtebras-=-Loin-Bone-in-,-with-vertebrae--W' alt='' \/><\/a> <a href='https:\/\/deltafoods.com.br\/wp-content\/uploads\/2015\/07\/Carr\u00e9-sem-v\u00e9rtebras-Loin-bone-in-without-vertebrae-W.jpg' data-rel='gallery-1' data-prev-img='https:\/\/deltafoods.com.br\/wp-content\/uploads\/2015\/07\/Carr\u00e9-sem-v\u00e9rtebras-Loin-bone-in-without-vertebrae-W-495x400.jpg' class='lightbox ' data-onclick='5' title='Loin bone in , without vertebrae'  itemprop=\"contentURL\" ><img data-avia-tooltip='Loin bone in , without vertebrae' src='https:\/\/deltafoods.com.br\/wp-content\/uploads\/2015\/07\/Carr\u00e9-sem-v\u00e9rtebras-Loin-bone-in-without-vertebrae-W-300x296.jpg' width='300' height='296'  title='Carr\u00e9-sem-v\u00e9rtebras-=-Loin-bone-in-,-without-vertebrae---W' alt='' \/><\/a> <a href='https:\/\/deltafoods.com.br\/wp-content\/uploads\/2015\/07\/Cartilagem-de-costela-Breast-bone-W.jpg' data-rel='gallery-1' data-prev-img='https:\/\/deltafoods.com.br\/wp-content\/uploads\/2015\/07\/Cartilagem-de-costela-Breast-bone-W-495x400.jpg' class='lightbox ' data-onclick='6' title='Breast bone'  itemprop=\"contentURL\" ><img data-avia-tooltip='Breast bone' src='https:\/\/deltafoods.com.br\/wp-content\/uploads\/2015\/07\/Cartilagem-de-costela-Breast-bone-W-300x296.jpg' width='300' height='296'  title='Cartilagem-de-costela-=-Breast-bone---W' alt='' \/><\/a> <a href='https:\/\/deltafoods.com.br\/wp-content\/uploads\/2015\/07\/Costela-Spare-Ribs-W.jpg' data-rel='gallery-1' data-prev-img='https:\/\/deltafoods.com.br\/wp-content\/uploads\/2015\/07\/Costela-Spare-Ribs-W-495x400.jpg' class='first_thumb lightbox ' data-onclick='7' title='Spare Ribs'  itemprop=\"contentURL\" ><img data-avia-tooltip='Spare Ribs' src='https:\/\/deltafoods.com.br\/wp-content\/uploads\/2015\/07\/Costela-Spare-Ribs-W-300x296.jpg' width='300' height='296'  title='Costela-=--Spare-Ribs---W' alt='' \/><\/a> <a href='https:\/\/deltafoods.com.br\/wp-content\/uploads\/2015\/07\/Costelinha-de-Lombo-Loin-Ribs-W.jpg' data-rel='gallery-1' data-prev-img='https:\/\/deltafoods.com.br\/wp-content\/uploads\/2015\/07\/Costelinha-de-Lombo-Loin-Ribs-W-495x400.jpg' class='lightbox ' data-onclick='8' title='Loin Ribs'  itemprop=\"contentURL\" ><img data-avia-tooltip='Loin Ribs' src='https:\/\/deltafoods.com.br\/wp-content\/uploads\/2015\/07\/Costelinha-de-Lombo-Loin-Ribs-W-300x296.jpg' width='300' height='296'  title='Costelinha-de-Lombo-=-Loin-Ribs---W' alt='' \/><\/a> <a href='https:\/\/deltafoods.com.br\/wp-content\/uploads\/2015\/07\/Filezinho-Tenderloin-W.jpg' data-rel='gallery-1' data-prev-img='https:\/\/deltafoods.com.br\/wp-content\/uploads\/2015\/07\/Filezinho-Tenderloin-W-495x400.jpg' class='lightbox ' data-onclick='9' title='Tenderloin'  itemprop=\"contentURL\" ><img data-avia-tooltip='Tenderloin' src='https:\/\/deltafoods.com.br\/wp-content\/uploads\/2015\/07\/Filezinho-Tenderloin-W-300x296.jpg' width='300' height='296'  title='Filezinho---Tenderloin---W' alt='' \/><\/a> <a href='https:\/\/deltafoods.com.br\/wp-content\/uploads\/2015\/07\/Joelho-com-pele-Knee-Skin-on-W.jpg' data-rel='gallery-1' data-prev-img='https:\/\/deltafoods.com.br\/wp-content\/uploads\/2015\/07\/Joelho-com-pele-Knee-Skin-on-W-495x400.jpg' class='lightbox ' data-onclick='10' title='Knee Skin on'  itemprop=\"contentURL\" ><img data-avia-tooltip='Knee Skin on' src='https:\/\/deltafoods.com.br\/wp-content\/uploads\/2015\/07\/Joelho-com-pele-Knee-Skin-on-W-300x296.jpg' width='300' height='296'  title='Joelho-com-pele-=-Knee-Skin-on---W' alt='' \/><\/a> <a href='https:\/\/deltafoods.com.br\/wp-content\/uploads\/2015\/07\/Lombo-sem-osso-Loin-Boneless-W.jpg' data-rel='gallery-1' data-prev-img='https:\/\/deltafoods.com.br\/wp-content\/uploads\/2015\/07\/Lombo-sem-osso-Loin-Boneless-W-495x400.jpg' class='lightbox ' data-onclick='11' title='Loin Boneless'  itemprop=\"contentURL\" ><img data-avia-tooltip=' Loin Boneless' src='https:\/\/deltafoods.com.br\/wp-content\/uploads\/2015\/07\/Lombo-sem-osso-Loin-Boneless-W-300x296.jpg' width='300' height='296'  title='Lombo-sem-osso-=--Loin-Boneless---W' alt='' \/><\/a> <a href='https:\/\/deltafoods.com.br\/wp-content\/uploads\/2015\/07\/Meia-Carca\u00e7a-Half-carcass2-W.jpg' data-rel='gallery-1' data-prev-img='https:\/\/deltafoods.com.br\/wp-content\/uploads\/2015\/07\/Meia-Carca\u00e7a-Half-carcass2-W-495x400.jpg' class='lightbox ' data-onclick='12' title='Half carcass'  itemprop=\"contentURL\" ><img data-avia-tooltip='Half carcass' src='https:\/\/deltafoods.com.br\/wp-content\/uploads\/2015\/07\/Meia-Carca\u00e7a-Half-carcass2-W-300x296.jpg' width='300' height='296'  title='Meia-Carca\u00e7a-=-Half-carcass2---W' alt='' \/><\/a> <a href='https:\/\/deltafoods.com.br\/wp-content\/uploads\/2015\/07\/Carca\u00e7a_CARCASS.jpg' data-rel='gallery-1' data-prev-img='https:\/\/deltafoods.com.br\/wp-content\/uploads\/2015\/07\/Carca\u00e7a_CARCASS-495x400.jpg' class='first_thumb lightbox ' data-onclick='13' title='Carcass'  itemprop=\"contentURL\" ><img data-avia-tooltip='Carcass' src='https:\/\/deltafoods.com.br\/wp-content\/uploads\/2015\/07\/Carca\u00e7a_CARCASS-300x296.jpg' width='300' height='296'  title='Carca\u00e7a_CARCASS' alt='' \/><\/a> <a href='https:\/\/deltafoods.com.br\/wp-content\/uploads\/2015\/07\/Paleta-sem-osso-sem-pele-sem-gordura-com-garr\u00e3o-Shoulder-3D-boneless-skinless-fatless-shank-on.jpg' data-rel='gallery-1' data-prev-img='https:\/\/deltafoods.com.br\/wp-content\/uploads\/2015\/07\/Paleta-sem-osso-sem-pele-sem-gordura-com-garr\u00e3o-Shoulder-3D-boneless-skinless-fatless-shank-on-495x400.jpg' class='lightbox ' data-onclick='14' title='Shoulder 3D , boneless, skinless, fatless , shank on'  itemprop=\"contentURL\" ><img data-avia-tooltip='Shoulder 3D , boneless, skinless, fatless , shank on' src='https:\/\/deltafoods.com.br\/wp-content\/uploads\/2015\/07\/Paleta-sem-osso-sem-pele-sem-gordura-com-garr\u00e3o-Shoulder-3D-boneless-skinless-fatless-shank-on-300x296.jpg' width='300' height='296'  title='Paleta-sem-osso-,-sem-pele-,-sem-gordura-,-com-garr\u00e3o-=-Shoulder-3D-,-boneless,-skinless,-fatless-,-shank-on' alt='' \/><\/a> <a href='https:\/\/deltafoods.com.br\/wp-content\/uploads\/2015\/07\/Paleta-sem-osso-sem-pele-sem-gordura-sem-garr\u00e3o-Shoulder-4D-boneless-skinless-fatless-shank-off-W.jpg' data-rel='gallery-1' data-prev-img='https:\/\/deltafoods.com.br\/wp-content\/uploads\/2015\/07\/Paleta-sem-osso-sem-pele-sem-gordura-sem-garr\u00e3o-Shoulder-4D-boneless-skinless-fatless-shank-off-W-495x400.jpg' class='lightbox ' data-onclick='15' title='Shoulder 4D , boneless, skinless, fatless, shank off'  itemprop=\"contentURL\" ><img data-avia-tooltip='Shoulder 4D , boneless, skinless, fatless, shank off' src='https:\/\/deltafoods.com.br\/wp-content\/uploads\/2015\/07\/Paleta-sem-osso-sem-pele-sem-gordura-sem-garr\u00e3o-Shoulder-4D-boneless-skinless-fatless-shank-off-W-300x296.jpg' width='300' height='296'  title='Paleta-sem-osso-,-sem-pele-,-sem-gordura,-sem-garr\u00e3o--=-Shoulder-4D-,-boneless,-skinless,-fatless,-shank-off----W' alt='' \/><\/a> <a href='https:\/\/deltafoods.com.br\/wp-content\/uploads\/2015\/07\/Pernil-sem-osso-sem-pele-sem-gordura-com-garr\u00e3o-Leg-3D-boneless-skinless-fatless-shank-on-W.jpg' data-rel='gallery-1' data-prev-img='https:\/\/deltafoods.com.br\/wp-content\/uploads\/2015\/07\/Pernil-sem-osso-sem-pele-sem-gordura-com-garr\u00e3o-Leg-3D-boneless-skinless-fatless-shank-on-W-495x400.jpg' class='lightbox ' data-onclick='16' title='Leg 3D, boneless, skinless, fatless, shank on'  itemprop=\"contentURL\" ><img data-avia-tooltip='Leg 3D, boneless, skinless, fatless, shank on' src='https:\/\/deltafoods.com.br\/wp-content\/uploads\/2015\/07\/Pernil-sem-osso-sem-pele-sem-gordura-com-garr\u00e3o-Leg-3D-boneless-skinless-fatless-shank-on-W-300x296.jpg' width='300' height='296'  title='Pernil-,-sem-osso,-sem-pele,-sem-gordura-,-com-garr\u00e3o-=-Leg-3D,-boneless,-skinless,-fatless,-shank-on---W' alt='' \/><\/a> <a href='https:\/\/deltafoods.com.br\/wp-content\/uploads\/2015\/07\/Pernil-sem-osso-sem-pele-sem-gordura-sem-garr\u00e3o-Leg-4D-boneless-skinless-fatless-Shank-off-W.jpg' data-rel='gallery-1' data-prev-img='https:\/\/deltafoods.com.br\/wp-content\/uploads\/2015\/07\/Pernil-sem-osso-sem-pele-sem-gordura-sem-garr\u00e3o-Leg-4D-boneless-skinless-fatless-Shank-off-W-495x400.jpg' class='lightbox ' data-onclick='17' title='Leg 4D , boneless , skinless, fatless , Shank off'  itemprop=\"contentURL\" ><img data-avia-tooltip=' Leg 4D , boneless , skinless, fatless , Shank off' src='https:\/\/deltafoods.com.br\/wp-content\/uploads\/2015\/07\/Pernil-sem-osso-sem-pele-sem-gordura-sem-garr\u00e3o-Leg-4D-boneless-skinless-fatless-Shank-off-W-300x296.jpg' width='300' height='296'  title='Pernil-sem-osso,-sem-pele-,-sem-gordura,-sem-garr\u00e3o-=-Leg-4D-,-boneless-,-skinless,-fatless-,-Shank-off---W' alt='' \/><\/a> <a href='https:\/\/deltafoods.com.br\/wp-content\/uploads\/2015\/07\/Ponta-de-Costela-Riblet-W.jpg' data-rel='gallery-1' data-prev-img='https:\/\/deltafoods.com.br\/wp-content\/uploads\/2015\/07\/Ponta-de-Costela-Riblet-W-495x400.jpg' class='lightbox ' data-onclick='18' title='Riblet'  itemprop=\"contentURL\" ><img data-avia-tooltip='Riblet' src='https:\/\/deltafoods.com.br\/wp-content\/uploads\/2015\/07\/Ponta-de-Costela-Riblet-W-300x296.jpg' width='300' height='296'  title='Ponta-de-Costela-=-Riblet----W' alt='' \/><\/a> <a href='https:\/\/deltafoods.com.br\/wp-content\/uploads\/2015\/07\/Sobrepaleta-sem-osso-sem-pele-Collar-boneless-skinless-W.jpg' data-rel='gallery-1' data-prev-img='https:\/\/deltafoods.com.br\/wp-content\/uploads\/2015\/07\/Sobrepaleta-sem-osso-sem-pele-Collar-boneless-skinless-W-495x400.jpg' class='first_thumb lightbox ' data-onclick='19' title='Collar boneless , skinless'  itemprop=\"contentURL\" ><img data-avia-tooltip='Collar boneless , skinless' src='https:\/\/deltafoods.com.br\/wp-content\/uploads\/2015\/07\/Sobrepaleta-sem-osso-sem-pele-Collar-boneless-skinless-W-300x296.jpg' width='300' height='296'  title='Sobrepaleta-sem-osso-,-sem-pele-=-Collar-boneless-,-skinless----W' alt='' \/><\/a><\/div><\/div>\n<\/div><\/div><\/div><!-- close content main div --><\/div><\/div><div id='after_section_1' class='main_color av_default_container_wrap container_wrap sidebar_right'   ><div class='container' ><div class='template-page content  av-content-small alpha units'><div class='post-entry post-entry-type-page post-entry-444'><div class='entry-content-wrapper clearfix'>\n","protected":false},"excerpt":{"rendered":"","protected":false},"author":1,"featured_media":0,"parent":0,"menu_order":0,"comment_status":"closed","ping_status":"closed","template":"","meta":{"footnotes":""},"class_list":["post-444","page","type-page","status-publish","hentry"],"_links":{"self":[{"href":"https:\/\/deltafoods.com.br\/index.php?rest_route=\/wp\/v2\/pages\/444","targetHints":{"allow":["GET"]}}],"collection":[{"href":"https:\/\/deltafoods.com.br\/index.php?rest_route=\/wp\/v2\/pages"}],"about":[{"href":"https:\/\/deltafoods.com.br\/index.php?rest_route=\/wp\/v2\/types\/page"}],"author":[{"embeddable":true,"href":"https:\/\/deltafoods.com.br\/index.php?rest_route=\/wp\/v2\/users\/1"}],"replies":[{"embeddable":true,"href":"https:\/\/deltafoods.com.br\/index.php?rest_route=%2Fwp%2Fv2%2Fcomments&post=444"}],"version-history":[{"count":1,"href":"https:\/\/deltafoods.com.br\/index.php?rest_route=\/wp\/v2\/pages\/444\/revisions"}],"predecessor-version":[{"id":645,"href":"https:\/\/deltafoods.com.br\/index.php?rest_route=\/wp\/v2\/pages\/444\/revisions\/645"}],"wp:attachment":[{"href":"https:\/\/deltafoods.com.br\/index.php?rest_route=%2Fwp%2Fv2%2Fmedia&parent=444"}],"curies":[{"name":"wp","href":"https:\/\/api.w.org\/{rel}","templated":true}]}}